{"id":3,"date":"2024-03-10T18:26:23","date_gmt":"2024-03-10T17:26:23","guid":{"rendered":"http:\/\/www.innospira.fr\/?page_id=3"},"modified":"2025-10-25T21:47:17","modified_gmt":"2025-10-25T19:47:17","slug":"politique-de-confidentialite","status":"publish","type":"page","link":"https:\/\/www.innospira.fr\/index.php\/politique-de-confidentialite\/","title":{"rendered":"Politique de confidentialit\u00e9"},"content":{"rendered":"\n<h2 class=\"wp-block-heading has-large-font-size\">Qui sommes-nous&nbsp;?<\/h2>\n\n\n\n<p>Le site InnoSpira (<a href=\"https:\/\/innospira.fr\">https:\/\/innospira.fr<\/a>) est \u00e9dit\u00e9 par <em>J\u00e9r\u00e9mie G.<\/em>, bas\u00e9 en France. Ce site pr\u00e9sente des articles, outils web et des ressources li\u00e9es \u00e0 la cha\u00eene YouTube InnoSpira.<\/p>\n\n\n\n<h2 class=\"wp-block-heading has-large-font-size\">Commentaires<\/h2>\n\n\n\n<p>Quand vous laissez un commentaire sur notre site, les donn\u00e9es inscrites dans le formulaire de commentaire, ainsi que votre adresse IP et l\u2019agent utilisateur de votre navigateur sont collect\u00e9s pour nous aider \u00e0 la d\u00e9tection des commentaires ind\u00e9sirables.<\/p>\n\n\n\n<p>Une cha\u00eene anonymis\u00e9e cr\u00e9\u00e9e \u00e0 partir de votre adresse e-mail (\u00e9galement appel\u00e9e hash) peut \u00eatre envoy\u00e9e au service Gravatar pour v\u00e9rifier si vous utilisez ce dernier. Les clauses de confidentialit\u00e9 du service Gravatar sont disponibles ici\u00a0: <a href=\"https:\/\/automattic.com\/privacy\/\">https:\/\/automattic.com\/privacy\/<\/a>. Apr\u00e8s validation de votre commentaire, votre photo de profil sera visible publiquement \u00e0 cot\u00e9 de votre commentaire.<\/p>\n\n\n\n<h2 class=\"wp-block-heading has-large-font-size\">M\u00e9dias<\/h2>\n\n\n\n<p>Si vous t\u00e9l\u00e9versez des images sur le site, nous vous conseillons d\u2019\u00e9viter de t\u00e9l\u00e9verser des images contenant des donn\u00e9es EXIF de coordonn\u00e9es GPS. Les personnes visitant votre site peuvent t\u00e9l\u00e9charger et extraire des donn\u00e9es de localisation depuis ces images.<\/p>\n\n\n\n<h2 class=\"wp-block-heading has-large-font-size\">Cookies<\/h2>\n\n\n\n<p>Le site peut utiliser des cookies n\u00e9cessaires \u00e0 son bon fonctionnement (statistiques anonymes, pr\u00e9f\u00e9rences d\u2019affichage, etc.).<br>Vous pouvez d\u00e9sactiver les cookies dans les param\u00e8tres de votre navigateur si vous le souhaitez.<\/p>\n\n\n\n<h2 class=\"wp-block-heading has-large-font-size\">Contenu embarqu\u00e9 depuis d\u2019autres sites<\/h2>\n\n\n\n<p>Les pages du site peuvent inclure des contenus int\u00e9gr\u00e9s (par exemple des vid\u00e9os YouTube ou des publications de r\u00e9seaux sociaux). Ces sites externes peuvent collecter des donn\u00e9es via leurs propres cookies.<\/p>\n\n\n\n<p>Nous ne contr\u00f4lons pas ces sites externes et vous pouvez consulter leurs politiques de confidentialit\u00e9 pour plus d\u2019informations.<\/p>\n\n\n\n<h2 class=\"wp-block-heading has-large-font-size\">Formulaire de contact<\/h2>\n\n\n\n<p>Les informations que vous saisissez dans le formulaire de contact (nom, e-mail, message) sont utilis\u00e9es uniquement pour r\u00e9pondre \u00e0 votre demande. Elles ne sont ni partag\u00e9es, ni revendues.<\/p>\n\n\n\n<h2 class=\"wp-block-heading has-large-font-size\">Tes droits &#8211; H\u00e9bergement<\/h2>\n\n\n\n<p>Conform\u00e9ment au RGPD, vous pouvez demander \u00e0 acc\u00e9der, corriger ou supprimer vos donn\u00e9es personnelles en nous contactant (voir page de contacts).<\/p>\n\n\n\n<h2 class=\"wp-block-heading has-large-font-size\">H\u00e9bergement<\/h2>\n\n\n\n<p>Le site est h\u00e9berg\u00e9 par <a href=\"http:\/\/ovhcloud.com\/\" target=\"_blank\" rel=\"noreferrer noopener\">OVH<\/a>.<\/p>\n","protected":false},"excerpt":{"rendered":"<p>Qui sommes-nous&nbsp;? Le site InnoSpira (https:\/\/innospira.fr) est \u00e9dit\u00e9 par J\u00e9r\u00e9mie G., bas\u00e9 en France. Ce site pr\u00e9sente des articles, outils [&hellip;]<\/p>\n","protected":false},"author":1,"featured_media":0,"parent":0,"menu_order":0,"comment_status":"closed","ping_status":"open","template":"","meta":{"_uag_custom_page_level_css":"","site-sidebar-layout":"default","site-content-layout":"","ast-site-content-layout":"default","site-content-style":"default","site-sidebar-style":"default","ast-global-header-display":"","ast-banner-title-visibility":"","ast-main-header-display":"","ast-hfb-above-header-display":"","ast-hfb-below-header-display":"","ast-hfb-mobile-header-display":"","site-post-title":"","ast-breadcrumbs-content":"","ast-featured-img":"","footer-sml-layout":"","ast-disable-related-posts":"","theme-transparent-header-meta":"","adv-header-id-meta":"","stick-header-meta":"","header-above-stick-meta":"","header-main-stick-meta":"","header-below-stick-meta":"","astra-migrate-meta-layouts":"default","ast-page-background-enabled":"default","ast-page-background-meta":{"desktop":{"background-color":"var(--ast-global-color-4)","background-image":"","background-repeat":"repeat","background-position":"center center","background-size":"auto","background-attachment":"scroll","background-type":"","background-media":"","overlay-type":"","overlay-color":"","overlay-opacity":"","overlay-gradient":""},"tablet":{"background-color":"","background-image":"","background-repeat":"repeat","background-position":"center center","background-size":"auto","background-attachment":"scroll","background-type":"","background-media":"","overlay-type":"","overlay-color":"","overlay-opacity":"","overlay-gradient":""},"mobile":{"background-color":"","background-image":"","background-repeat":"repeat","background-position":"center center","background-size":"auto","background-attachment":"scroll","background-type":"","background-media":"","overlay-type":"","overlay-color":"","overlay-opacity":"","overlay-gradient":""}},"ast-content-background-meta":{"desktop":{"background-color":"var(--ast-global-color-5)","background-image":"","background-repeat":"repeat","background-position":"center center","background-size":"auto","background-attachment":"scroll","background-type":"","background-media":"","overlay-type":"","overlay-color":"","overlay-opacity":"","overlay-gradient":""},"tablet":{"background-color":"var(--ast-global-color-5)","background-image":"","background-repeat":"repeat","background-position":"center center","background-size":"auto","background-attachment":"scroll","background-type":"","background-media":"","overlay-type":"","overlay-color":"","overlay-opacity":"","overlay-gradient":""},"mobile":{"background-color":"var(--ast-global-color-5)","background-image":"","background-repeat":"repeat","background-position":"center center","background-size":"auto","background-attachment":"scroll","background-type":"","background-media":"","overlay-type":"","overlay-color":"","overlay-opacity":"","overlay-gradient":""}},"footnotes":""},"class_list":["post-3","page","type-page","status-publish","hentry"],"yoast_head":"<!-- This site is optimized with the Yoast SEO plugin v27.5 - https:\/\/yoast.com\/product\/yoast-seo-wordpress\/ -->\n<title>Politique de confidentialit\u00e9<\/title>\n<meta name=\"description\" content=\"Informez-vous sur la politique de confidentialit\u00e9 d&#039;InnoSpira, y compris la collecte de donn\u00e9es et l&#039;utilisation des informations.\" \/>\n<meta name=\"robots\" content=\"noindex, nofollow\" \/>\n<meta property=\"og:locale\" content=\"fr_FR\" \/>\n<meta property=\"og:type\" content=\"article\" \/>\n<meta property=\"og:title\" content=\"Politique de confidentialit\u00e9\" \/>\n<meta property=\"og:description\" content=\"Informez-vous sur la politique de confidentialit\u00e9 d&#039;InnoSpira, y compris la collecte de donn\u00e9es et l&#039;utilisation des informations.\" \/>\n<meta property=\"og:url\" content=\"https:\/\/www.innospira.fr\/index.php\/politique-de-confidentialite\/\" \/>\n<meta property=\"og:site_name\" content=\"InnoSpira\" \/>\n<meta property=\"article:modified_time\" content=\"2025-10-25T19:47:17+00:00\" \/>\n<meta name=\"twitter:card\" content=\"summary_large_image\" \/>\n<meta name=\"twitter:label1\" content=\"Dur\u00e9e de lecture estim\u00e9e\" \/>\n\t<meta name=\"twitter:data1\" content=\"2 minutes\" \/>\n<script type=\"application\/ld+json\" class=\"yoast-schema-graph\">{\"@context\":\"https:\\\/\\\/schema.org\",\"@graph\":[{\"@type\":\"WebPage\",\"@id\":\"https:\\\/\\\/www.innospira.fr\\\/index.php\\\/politique-de-confidentialite\\\/\",\"url\":\"https:\\\/\\\/www.innospira.fr\\\/index.php\\\/politique-de-confidentialite\\\/\",\"name\":\"Politique de confidentialit\u00e9\",\"isPartOf\":{\"@id\":\"https:\\\/\\\/www.innospira.fr\\\/#website\"},\"datePublished\":\"2024-03-10T17:26:23+00:00\",\"dateModified\":\"2025-10-25T19:47:17+00:00\",\"description\":\"Informez-vous sur la politique de confidentialit\u00e9 d'InnoSpira, y compris la collecte de donn\u00e9es et l'utilisation des informations.\",\"breadcrumb\":{\"@id\":\"https:\\\/\\\/www.innospira.fr\\\/index.php\\\/politique-de-confidentialite\\\/#breadcrumb\"},\"inLanguage\":\"fr-FR\",\"potentialAction\":[{\"@type\":\"ReadAction\",\"target\":[\"https:\\\/\\\/www.innospira.fr\\\/index.php\\\/politique-de-confidentialite\\\/\"]}]},{\"@type\":\"BreadcrumbList\",\"@id\":\"https:\\\/\\\/www.innospira.fr\\\/index.php\\\/politique-de-confidentialite\\\/#breadcrumb\",\"itemListElement\":[{\"@type\":\"ListItem\",\"position\":1,\"name\":\"Accueil\",\"item\":\"https:\\\/\\\/www.innospira.fr\\\/\"},{\"@type\":\"ListItem\",\"position\":2,\"name\":\"Politique de confidentialit\u00e9\"}]},{\"@type\":\"WebSite\",\"@id\":\"https:\\\/\\\/www.innospira.fr\\\/#website\",\"url\":\"https:\\\/\\\/www.innospira.fr\\\/\",\"name\":\"InnoSpira\",\"description\":\"D\u00e9veloppez votre activit\u00e9, innovez !\",\"publisher\":{\"@id\":\"https:\\\/\\\/www.innospira.fr\\\/#organization\"},\"potentialAction\":[{\"@type\":\"SearchAction\",\"target\":{\"@type\":\"EntryPoint\",\"urlTemplate\":\"https:\\\/\\\/www.innospira.fr\\\/?s={search_term_string}\"},\"query-input\":{\"@type\":\"PropertyValueSpecification\",\"valueRequired\":true,\"valueName\":\"search_term_string\"}}],\"inLanguage\":\"fr-FR\"},{\"@type\":\"Organization\",\"@id\":\"https:\\\/\\\/www.innospira.fr\\\/#organization\",\"name\":\"InnoSpira\",\"url\":\"https:\\\/\\\/www.innospira.fr\\\/\",\"logo\":{\"@type\":\"ImageObject\",\"inLanguage\":\"fr-FR\",\"@id\":\"https:\\\/\\\/www.innospira.fr\\\/#\\\/schema\\\/logo\\\/image\\\/\",\"url\":\"https:\\\/\\\/www.innospira.fr\\\/wp-content\\\/uploads\\\/2024\\\/10\\\/cropped-innospira_mini.png\",\"contentUrl\":\"https:\\\/\\\/www.innospira.fr\\\/wp-content\\\/uploads\\\/2024\\\/10\\\/cropped-innospira_mini.png\",\"width\":634,\"height\":211,\"caption\":\"InnoSpira\"},\"image\":{\"@id\":\"https:\\\/\\\/www.innospira.fr\\\/#\\\/schema\\\/logo\\\/image\\\/\"},\"sameAs\":[\"https:\\\/\\\/youtube.com\\\/@innospira\",\"https:\\\/\\\/www.tiktok.com\\\/@innospira\"]}]}<\/script>\n<!-- \/ Yoast SEO plugin. -->","yoast_head_json":{"title":"Politique de confidentialit\u00e9","description":"Informez-vous sur la politique de confidentialit\u00e9 d'InnoSpira, y compris la collecte de donn\u00e9es et l'utilisation des informations.","robots":{"index":"noindex","follow":"nofollow"},"og_locale":"fr_FR","og_type":"article","og_title":"Politique de confidentialit\u00e9","og_description":"Informez-vous sur la politique de confidentialit\u00e9 d'InnoSpira, y compris la collecte de donn\u00e9es et l'utilisation des informations.","og_url":"https:\/\/www.innospira.fr\/index.php\/politique-de-confidentialite\/","og_site_name":"InnoSpira","article_modified_time":"2025-10-25T19:47:17+00:00","twitter_card":"summary_large_image","twitter_misc":{"Dur\u00e9e de lecture estim\u00e9e":"2 minutes"},"schema":{"@context":"https:\/\/schema.org","@graph":[{"@type":"WebPage","@id":"https:\/\/www.innospira.fr\/index.php\/politique-de-confidentialite\/","url":"https:\/\/www.innospira.fr\/index.php\/politique-de-confidentialite\/","name":"Politique de confidentialit\u00e9","isPartOf":{"@id":"https:\/\/www.innospira.fr\/#website"},"datePublished":"2024-03-10T17:26:23+00:00","dateModified":"2025-10-25T19:47:17+00:00","description":"Informez-vous sur la politique de confidentialit\u00e9 d'InnoSpira, y compris la collecte de donn\u00e9es et l'utilisation des informations.","breadcrumb":{"@id":"https:\/\/www.innospira.fr\/index.php\/politique-de-confidentialite\/#breadcrumb"},"inLanguage":"fr-FR","potentialAction":[{"@type":"ReadAction","target":["https:\/\/www.innospira.fr\/index.php\/politique-de-confidentialite\/"]}]},{"@type":"BreadcrumbList","@id":"https:\/\/www.innospira.fr\/index.php\/politique-de-confidentialite\/#breadcrumb","itemListElement":[{"@type":"ListItem","position":1,"name":"Accueil","item":"https:\/\/www.innospira.fr\/"},{"@type":"ListItem","position":2,"name":"Politique de confidentialit\u00e9"}]},{"@type":"WebSite","@id":"https:\/\/www.innospira.fr\/#website","url":"https:\/\/www.innospira.fr\/","name":"InnoSpira","description":"D\u00e9veloppez votre activit\u00e9, innovez !","publisher":{"@id":"https:\/\/www.innospira.fr\/#organization"},"potentialAction":[{"@type":"SearchAction","target":{"@type":"EntryPoint","urlTemplate":"https:\/\/www.innospira.fr\/?s={search_term_string}"},"query-input":{"@type":"PropertyValueSpecification","valueRequired":true,"valueName":"search_term_string"}}],"inLanguage":"fr-FR"},{"@type":"Organization","@id":"https:\/\/www.innospira.fr\/#organization","name":"InnoSpira","url":"https:\/\/www.innospira.fr\/","logo":{"@type":"ImageObject","inLanguage":"fr-FR","@id":"https:\/\/www.innospira.fr\/#\/schema\/logo\/image\/","url":"https:\/\/www.innospira.fr\/wp-content\/uploads\/2024\/10\/cropped-innospira_mini.png","contentUrl":"https:\/\/www.innospira.fr\/wp-content\/uploads\/2024\/10\/cropped-innospira_mini.png","width":634,"height":211,"caption":"InnoSpira"},"image":{"@id":"https:\/\/www.innospira.fr\/#\/schema\/logo\/image\/"},"sameAs":["https:\/\/youtube.com\/@innospira","https:\/\/www.tiktok.com\/@innospira"]}]}},"uagb_featured_image_src":{"full":false,"thumbnail":false,"medium":false,"medium_large":false,"large":false,"1536x1536":false,"2048x2048":false,"mailpoet_newsletter_max":false},"uagb_author_info":{"display_name":"J\u00e9r\u00e9mie","author_link":"https:\/\/www.innospira.fr\/index.php\/author\/nazario\/"},"uagb_comment_info":0,"uagb_excerpt":"Qui sommes-nous&nbsp;? Le site InnoSpira (https:\/\/innospira.fr) est \u00e9dit\u00e9 par J\u00e9r\u00e9mie G., bas\u00e9 en France. Ce site pr\u00e9sente des articles, outils [&hellip;]","_links":{"self":[{"href":"https:\/\/www.innospira.fr\/index.php\/wp-json\/wp\/v2\/pages\/3","targetHints":{"allow":["GET"]}}],"collection":[{"href":"https:\/\/www.innospira.fr\/index.php\/wp-json\/wp\/v2\/pages"}],"about":[{"href":"https:\/\/www.innospira.fr\/index.php\/wp-json\/wp\/v2\/types\/page"}],"author":[{"embeddable":true,"href":"https:\/\/www.innospira.fr\/index.php\/wp-json\/wp\/v2\/users\/1"}],"replies":[{"embeddable":true,"href":"https:\/\/www.innospira.fr\/index.php\/wp-json\/wp\/v2\/comments?post=3"}],"version-history":[{"count":1,"href":"https:\/\/www.innospira.fr\/index.php\/wp-json\/wp\/v2\/pages\/3\/revisions"}],"predecessor-version":[{"id":1270,"href":"https:\/\/www.innospira.fr\/index.php\/wp-json\/wp\/v2\/pages\/3\/revisions\/1270"}],"wp:attachment":[{"href":"https:\/\/www.innospira.fr\/index.php\/wp-json\/wp\/v2\/media?parent=3"}],"curies":[{"name":"wp","href":"https:\/\/api.w.org\/{rel}","templated":true}]}}